{"id":3807,"date":"2024-01-29T17:44:17","date_gmt":"2024-01-29T17:44:17","guid":{"rendered":"https:\/\/mondialvapeur.lasthash.com\/?post_type=product&#038;p=3807"},"modified":"2026-02-23T11:59:55","modified_gmt":"2026-02-23T11:59:55","slug":"pro-excellence","status":"publish","type":"product","link":"https:\/\/www.mondialvapeur.com\/en\/product\/pro-excellence\/","title":{"rendered":"PRO EXCELLENCE"},"content":{"rendered":"<div class=\"wpb-content-wrapper\"><p>[vc_row][vc_column width=&#8221;1\/4&#8243;][vc_video link=&#8221;https:\/\/vimeo.com\/971047669&#8243;][\/vc_column][vc_column width=&#8221;1\/4&#8243;][vc_video link=&#8221;https:\/\/vimeo.com\/971632092&#8243;][\/vc_column][\/vc_row][vc_row][vc_column][vc_empty_space height=&#8221;100px&#8221;][vc_column_text]Aspirateur Vapeur Excellence PRO SW-SY<\/p>\n<p>L\u2019aspirateur vapeur Excellence Pro SW-SY est un appareil polyvalent qui combine le nettoyage \u00e0 la vapeur (6 bars) pour une hygi\u00e8ne optimale de n\u2019importe quel environnement, m\u00eame pour vos activit\u00e9s commerciales.<\/p>\n<p>Il purifie l\u2019air gr\u00e2ce au syst\u00e8me de filtration d\u2019eau brevet\u00e9. Dot\u00e9 du \u00abSYST\u00c8ME DE PLUIE\u00bb il permet d\u2019\u00e9liminer la salet\u00e9 encore plus efficacement.<\/p>\n<p>Chaudi\u00e8re en acier, recharge continue avec autonomie illimit\u00e9e, nettoyage simple gr\u00e2ce au EASY CLEAN SYSTEM brevet\u00e9, nombreux accessoires brevet\u00e9s et \u00e9tudi\u00e9s pour chaque type d\u2019utilisation.[\/vc_column_text][\/vc_column][\/vc_row]<\/p>\n<\/div>","protected":false},"excerpt":{"rendered":"<p>Aspirateur Vapeur Excellence PRO SW-SY<\/p>\n<p>L\u2019aspirateur vapeur Excellence Pro SW-SY est un appareil polyvalent qui combine le nettoyage \u00e0 la vapeur (6 bars) pour une hygi\u00e8ne optimale de n\u2019importe quel environnement, m\u00eame pour vos activit\u00e9s commerciales.<\/p>\n<p>Il purifie l\u2019air gr\u00e2ce au syst\u00e8me de filtration d\u2019eau brevet\u00e9. Dot\u00e9 du \u00abSYST\u00c8ME DE PLUIE\u00bb il permet d\u2019\u00e9liminer la salet\u00e9 encore plus efficacement.<\/p>\n<p>Chaudi\u00e8re en acier, recharge continue avec autonomie illimit\u00e9e, nettoyage simple gr\u00e2ce au EASY CLEAN SYSTEM brevet\u00e9, nombreux accessoires brevet\u00e9s et \u00e9tudi\u00e9s pour chaque type d\u2019utilisation.<\/p>\n","protected":false},"featured_media":3808,"template":"","meta":[],"product_brand":[],"product_cat":[15],"product_tag":[],"class_list":{"0":"post-3807","1":"product","2":"type-product","3":"status-publish","4":"has-post-thumbnail","6":"product_cat-professionnels","8":"first","9":"instock","10":"taxable","11":"shipping-taxable","12":"purchasable","13":"product-type-simple"},"_links":{"self":[{"href":"https:\/\/www.mondialvapeur.com\/en\/wp-json\/wp\/v2\/product\/3807","targetHints":{"allow":["GET"]}}],"collection":[{"href":"https:\/\/www.mondialvapeur.com\/en\/wp-json\/wp\/v2\/product"}],"about":[{"href":"https:\/\/www.mondialvapeur.com\/en\/wp-json\/wp\/v2\/types\/product"}],"wp:featuredmedia":[{"embeddable":true,"href":"https:\/\/www.mondialvapeur.com\/en\/wp-json\/wp\/v2\/media\/3808"}],"wp:attachment":[{"href":"https:\/\/www.mondialvapeur.com\/en\/wp-json\/wp\/v2\/media?parent=3807"}],"wp:term":[{"taxonomy":"product_brand","embeddable":true,"href":"https:\/\/www.mondialvapeur.com\/en\/wp-json\/wp\/v2\/product_brand?post=3807"},{"taxonomy":"product_cat","embeddable":true,"href":"https:\/\/www.mondialvapeur.com\/en\/wp-json\/wp\/v2\/product_cat?post=3807"},{"taxonomy":"product_tag","embeddable":true,"href":"https:\/\/www.mondialvapeur.com\/en\/wp-json\/wp\/v2\/product_tag?post=3807"}],"curies":[{"name":"wp","href":"https:\/\/api.w.org\/{rel}","templated":true}]}}