{"id":3813,"date":"2024-01-30T12:01:55","date_gmt":"2024-01-30T12:01:55","guid":{"rendered":"https:\/\/mondialvapeur.lasthash.com\/?post_type=product&#038;p=3813"},"modified":"2026-02-23T11:59:46","modified_gmt":"2026-02-23T11:59:46","slug":"excellence","status":"publish","type":"product","link":"https:\/\/www.mondialvapeur.com\/en\/product\/excellence\/","title":{"rendered":"Excellence"},"content":{"rendered":"<div class=\"wpb-content-wrapper\"><p>[vc_row][vc_column][vc_row_inner][vc_column_inner width=&#8221;1\/4&#8243;][vc_video link=&#8221;https:\/\/vimeo.com\/971043721&#8243;][\/vc_column_inner][vc_column_inner width=&#8221;1\/4&#8243;][vc_video link=&#8221;https:\/\/vimeo.com\/971042236&#8243;][\/vc_column_inner][vc_column_inner width=&#8221;1\/4&#8243;][\/vc_column_inner][vc_column_inner width=&#8221;1\/4&#8243;][\/vc_column_inner][\/vc_row_inner][vc_empty_space][\/vc_column][\/vc_row][vc_row][vc_column][vc_empty_space height=&#8221;50px&#8221;][vc_column_text]L\u2019Excellence est un aspirateur vapeur multifonction qui permet de nettoyer votre maison sainement et sans produit chimique. Rien de mieux que le nettoyage \u00e0 la vapeur pour d\u00e9sinfecter n\u2019importe quel environnement et \u00e9liminer les germes, les bact\u00e9ries et inactiver les virus.<\/p>\n<p>Cet aspirateur combine la vapeur et l\u2019aspiration, aussi bien des solides que des liquides et purifie \u00e9galement l&#8217;air gr\u00e2ce au filtre \u00e0 eau brevet\u00e9 RAIN SYSTEM qui pi\u00e8ge les pollens, les acariens et les micro poussi\u00e8res, souvent responsables de troubles des voies respiratoires. (Filtration brevet\u00e9 : VENTURI).<\/p>\n<p>Le d\u00e9bit de la vapeur et la puissance d\u2019aspiration peuvent \u00eatre ajust\u00e9s facilement et rapidement \u00e0 partir de la poign\u00e9e.<\/p>\n<p>Gr\u00e2ce \u00e0 la large gamme d&#8217;accessoires de L\u2019Excellence vous pouvez d\u00e9sinfecter en profondeur le sol, les joints, la hotte aspirante, le four et la plaque de cuisson ainsi que les surfaces en verre\u2026<\/p>\n<p>Il poss\u00e8de \u00e9galement un injecteur extracteur de shampoing qui vous permet d\u2019\u00e9liminer toutes t\u00e2ches m\u00eame les plus tenaces sur vos tissus, moquettes, canap\u00e9s, matelas\u2026<\/p>\n<p>L\u2019Excellence devient alors l\u2019outil indispensable de votre quotidien.<\/p>\n<p>[\/vc_column_text][\/vc_column][\/vc_row]<\/p>\n<\/div>","protected":false},"excerpt":{"rendered":"<p>L\u2019Excellence est un aspirateur vapeur multifonction qui permet de nettoyer votre maison sainement et sans produit chimique. Rien de mieux que le nettoyage \u00e0 la vapeur pour d\u00e9sinfecter n\u2019importe quel environnement et \u00e9liminer les germes, les bact\u00e9ries et inactiver les virus.<\/p>\n<p>Cet aspirateur combine la vapeur et l\u2019aspiration, aussi bien des solides que des liquides et purifie \u00e9galement l&#8217;air gr\u00e2ce au filtre \u00e0 eau brevet\u00e9 RAIN SYSTEM qui pi\u00e8ge les pollens, les acariens et les micro poussi\u00e8res, souvent responsables de troubles des voies respiratoires. (Filtration brevet\u00e9 : VENTURI).<\/p>\n<p>Le d\u00e9bit de la vapeur et la puissance d\u2019aspiration peuvent \u00eatre ajust\u00e9s facilement et rapidement \u00e0 partir de la poign\u00e9e.<\/p>\n<p>Gr\u00e2ce \u00e0 la large gamme d&#8217;accessoires de L\u2019Excellence vous pouvez d\u00e9sinfecter en profondeur le sol, les joints, la hotte aspirante, le four et la plaque de cuisson ainsi que les surfaces en verre\u2026<\/p>\n<p>Il poss\u00e8de \u00e9galement un injecteur extracteur de shampoing qui vous permet d\u2019\u00e9liminer toutes t\u00e2ches m\u00eame les plus tenaces sur vos tissus, moquettes, canap\u00e9s, matelas\u2026<\/p>\n<p>L\u2019Excellence devient alors l\u2019outil indispensable de votre quotidien.<\/p>\n","protected":false},"featured_media":3814,"template":"","meta":[],"product_brand":[],"product_cat":[221],"product_tag":[],"class_list":{"0":"post-3813","1":"product","2":"type-product","3":"status-publish","4":"has-post-thumbnail","6":"product_cat-particuliers","8":"first","9":"instock","10":"taxable","11":"shipping-taxable","12":"purchasable","13":"product-type-simple"},"_links":{"self":[{"href":"https:\/\/www.mondialvapeur.com\/en\/wp-json\/wp\/v2\/product\/3813","targetHints":{"allow":["GET"]}}],"collection":[{"href":"https:\/\/www.mondialvapeur.com\/en\/wp-json\/wp\/v2\/product"}],"about":[{"href":"https:\/\/www.mondialvapeur.com\/en\/wp-json\/wp\/v2\/types\/product"}],"wp:featuredmedia":[{"embeddable":true,"href":"https:\/\/www.mondialvapeur.com\/en\/wp-json\/wp\/v2\/media\/3814"}],"wp:attachment":[{"href":"https:\/\/www.mondialvapeur.com\/en\/wp-json\/wp\/v2\/media?parent=3813"}],"wp:term":[{"taxonomy":"product_brand","embeddable":true,"href":"https:\/\/www.mondialvapeur.com\/en\/wp-json\/wp\/v2\/product_brand?post=3813"},{"taxonomy":"product_cat","embeddable":true,"href":"https:\/\/www.mondialvapeur.com\/en\/wp-json\/wp\/v2\/product_cat?post=3813"},{"taxonomy":"product_tag","embeddable":true,"href":"https:\/\/www.mondialvapeur.com\/en\/wp-json\/wp\/v2\/product_tag?post=3813"}],"curies":[{"name":"wp","href":"https:\/\/api.w.org\/{rel}","templated":true}]}}