{"id":3834,"date":"2024-02-01T16:54:35","date_gmt":"2024-02-01T16:54:35","guid":{"rendered":"https:\/\/mondialvapeur.lasthash.com\/?post_type=product&#038;p=3834"},"modified":"2026-02-23T11:59:36","modified_gmt":"2026-02-23T11:59:36","slug":"blue-evolution-s","status":"publish","type":"product","link":"https:\/\/www.mondialvapeur.com\/en\/product\/blue-evolution-s\/","title":{"rendered":"BLUE EVOLUTION S"},"content":{"rendered":"<div class=\"wpb-content-wrapper\"><p>[vc_row][vc_column][vc_row_inner][vc_column_inner width=&#8221;1\/4&#8243;][vc_video link=&#8221;https:\/\/vimeo.com\/971633786&#8243;][\/vc_column_inner][vc_column_inner width=&#8221;1\/4&#8243;][vc_video link=&#8221;https:\/\/vimeo.com\/972604626&#8243;][\/vc_column_inner][vc_column_inner width=&#8221;1\/4&#8243;][vc_video link=&#8221;https:\/\/vimeo.com\/972605148&#8243;][\/vc_column_inner][vc_column_inner width=&#8221;1\/4&#8243;][vc_video link=&#8221;https:\/\/vimeo.com\/972605589&#8243;][\/vc_column_inner][\/vc_row_inner][vc_empty_space height=&#8221;50px&#8221;][vc_row_inner][vc_column_inner width=&#8221;1\/4&#8243;][vc_video link=&#8221;https:\/\/vimeo.com\/972606805&#8243;][\/vc_column_inner][vc_column_inner width=&#8221;1\/4&#8243;][vc_video link=&#8221;https:\/\/vimeo.com\/972607397&#8243;][\/vc_column_inner][vc_column_inner width=&#8221;1\/4&#8243;][vc_video link=&#8221;https:\/\/vimeo.com\/972608253&#8243;][\/vc_column_inner][vc_column_inner width=&#8221;1\/4&#8243;][vc_video link=&#8221;https:\/\/vimeo.com\/972608697&#8243;][\/vc_column_inner][\/vc_row_inner][vc_empty_space height=&#8221;50px&#8221;][vc_row_inner][vc_column_inner width=&#8221;1\/4&#8243;][vc_video link=&#8221;https:\/\/vimeo.com\/972609042&#8243;][\/vc_column_inner][vc_column_inner width=&#8221;1\/4&#8243;][\/vc_column_inner][vc_column_inner width=&#8221;1\/4&#8243;][\/vc_column_inner][vc_column_inner width=&#8221;1\/4&#8243;][\/vc_column_inner][\/vc_row_inner][vc_empty_space height=&#8221;50px&#8221;][\/vc_column][\/vc_row][vc_row][vc_column][vc_column_text][\/vc_column_text][\/vc_column][\/vc_row]<\/p>\n<\/div>","protected":false},"excerpt":{"rendered":"<p>Aspirateur VAPEUR BLUE EVOLUTION S<\/p>\n<p>Les roulettes et les dimensions compactes font du nettoyeur vapeur Blue Evolution S, la machine id\u00e9ale pour d\u00e9sinfecter les surfaces commerciales et les environnements de travail avec agilit\u00e9 et commodit\u00e9.<\/p>\n<p>Il assure un assainissement efficace avec sa pression constante de 8 bars. La lampe UVC int\u00e9gr\u00e9e dans la machine pr\u00e9sente une forte action germicide: en plus d\u2019\u00e9liminer les germes et les bact\u00e9ries, elle prot\u00e8ge les surfaces de la prolif\u00e9ration d\u2019agents pathog\u00e8nes potentiels.<\/p>\n","protected":false},"featured_media":3835,"template":"","meta":[],"product_brand":[],"product_cat":[15],"product_tag":[],"class_list":{"0":"post-3834","1":"product","2":"type-product","3":"status-publish","4":"has-post-thumbnail","6":"product_cat-professionnels","8":"first","9":"instock","10":"taxable","11":"shipping-taxable","12":"purchasable","13":"product-type-simple"},"_links":{"self":[{"href":"https:\/\/www.mondialvapeur.com\/en\/wp-json\/wp\/v2\/product\/3834","targetHints":{"allow":["GET"]}}],"collection":[{"href":"https:\/\/www.mondialvapeur.com\/en\/wp-json\/wp\/v2\/product"}],"about":[{"href":"https:\/\/www.mondialvapeur.com\/en\/wp-json\/wp\/v2\/types\/product"}],"wp:featuredmedia":[{"embeddable":true,"href":"https:\/\/www.mondialvapeur.com\/en\/wp-json\/wp\/v2\/media\/3835"}],"wp:attachment":[{"href":"https:\/\/www.mondialvapeur.com\/en\/wp-json\/wp\/v2\/media?parent=3834"}],"wp:term":[{"taxonomy":"product_brand","embeddable":true,"href":"https:\/\/www.mondialvapeur.com\/en\/wp-json\/wp\/v2\/product_brand?post=3834"},{"taxonomy":"product_cat","embeddable":true,"href":"https:\/\/www.mondialvapeur.com\/en\/wp-json\/wp\/v2\/product_cat?post=3834"},{"taxonomy":"product_tag","embeddable":true,"href":"https:\/\/www.mondialvapeur.com\/en\/wp-json\/wp\/v2\/product_tag?post=3834"}],"curies":[{"name":"wp","href":"https:\/\/api.w.org\/{rel}","templated":true}]}}