{"id":3840,"date":"2024-02-01T17:19:44","date_gmt":"2024-02-01T17:19:44","guid":{"rendered":"https:\/\/mondialvapeur.lasthash.com\/?post_type=product&#038;p=3840"},"modified":"2026-02-23T11:59:19","modified_gmt":"2026-02-23T11:59:19","slug":"blue-evolution-xl","status":"publish","type":"product","link":"https:\/\/www.mondialvapeur.com\/en\/product\/blue-evolution-xl\/","title":{"rendered":"BLUE EVOLUTION XL"},"content":{"rendered":"<div class=\"wpb-content-wrapper\"><p>[vc_row][vc_column width=&#8221;1\/4&#8243;][vc_video link=&#8221;https:\/\/vimeo.com\/971633786&#8243;][\/vc_column][vc_column width=&#8221;1\/4&#8243;][vc_video link=&#8221;https:\/\/vimeo.com\/972605148&#8243;][\/vc_column][vc_column width=&#8221;1\/4&#8243;][vc_video link=&#8221;https:\/\/vimeo.com\/972605589&#8243;][\/vc_column][vc_column width=&#8221;1\/4&#8243;][vc_video link=&#8221;https:\/\/vimeo.com\/972606805&#8243;][\/vc_column][vc_column][vc_empty_space][\/vc_column][\/vc_row][vc_row][vc_column width=&#8221;1\/4&#8243;][vc_video link=&#8221;https:\/\/vimeo.com\/972607397&#8243;][\/vc_column][vc_column width=&#8221;1\/4&#8243;][vc_video link=&#8221;https:\/\/vimeo.com\/972608697&#8243;][\/vc_column][vc_column width=&#8221;1\/4&#8243;][\/vc_column][vc_column width=&#8221;1\/4&#8243;][\/vc_column][\/vc_row][vc_row][vc_column][vc_empty_space height=&#8221;100px&#8221;][vc_column_text]Blue Evolution XL est un nettoyeur \u00e0 vapeur de qualit\u00e9 sup\u00e9rieure, \u00e9cologique qui d\u00e9sinfecte sans d\u00e9tergent.<\/p>\n<p>Blue Evolution XL est un syst\u00e8me innovant qui r\u00e9volutionne le nettoyage combinant l\u2019eau et l\u2019aspiration pour un nettoyage en profondeur. Avec une puissance de 3 400 watts et une pression vapeur constante de 10 bars, le Blue Evolution XL garantit un gain de temps consid\u00e9rable dans les op\u00e9rations de nettoyage professionnelles.<\/p>\n<p>Son filtre \u00e0 eau brevet\u00e9 et la fonction germicide de la lampe UVC garantissent des r\u00e9sultats constants et une d\u00e9sinfection optimale et naturelle de tout environnement.[\/vc_column_text][\/vc_column][\/vc_row]<\/p>\n<\/div>","protected":false},"excerpt":{"rendered":"<p>Blue Evolution XL est un nettoyeur \u00e0 vapeur de qualit\u00e9 sup\u00e9rieure, \u00e9cologique qui d\u00e9sinfecte sans d\u00e9tergent.<\/p>\n<p>Blue Evolution XL est un syst\u00e8me innovant qui r\u00e9volutionne le nettoyage combinant l\u2019eau et l\u2019aspiration pour un nettoyage en profondeur. Avec une puissance de 3 400 watts et une pression vapeur constante de 10 bars, le Blue Evolution XL garantit un gain de temps consid\u00e9rable dans les op\u00e9rations de nettoyage professionnelles.<\/p>\n<p>Son filtre \u00e0 eau brevet\u00e9 et la fonction germicide de la lampe UVC garantissent des r\u00e9sultats constants et une d\u00e9sinfection optimale et naturelle de tout environnement.<\/p>\n","protected":false},"featured_media":3841,"template":"","meta":[],"product_brand":[],"product_cat":[15],"product_tag":[],"class_list":{"0":"post-3840","1":"product","2":"type-product","3":"status-publish","4":"has-post-thumbnail","6":"product_cat-professionnels","8":"first","9":"instock","10":"taxable","11":"shipping-taxable","12":"purchasable","13":"product-type-simple"},"_links":{"self":[{"href":"https:\/\/www.mondialvapeur.com\/en\/wp-json\/wp\/v2\/product\/3840","targetHints":{"allow":["GET"]}}],"collection":[{"href":"https:\/\/www.mondialvapeur.com\/en\/wp-json\/wp\/v2\/product"}],"about":[{"href":"https:\/\/www.mondialvapeur.com\/en\/wp-json\/wp\/v2\/types\/product"}],"wp:featuredmedia":[{"embeddable":true,"href":"https:\/\/www.mondialvapeur.com\/en\/wp-json\/wp\/v2\/media\/3841"}],"wp:attachment":[{"href":"https:\/\/www.mondialvapeur.com\/en\/wp-json\/wp\/v2\/media?parent=3840"}],"wp:term":[{"taxonomy":"product_brand","embeddable":true,"href":"https:\/\/www.mondialvapeur.com\/en\/wp-json\/wp\/v2\/product_brand?post=3840"},{"taxonomy":"product_cat","embeddable":true,"href":"https:\/\/www.mondialvapeur.com\/en\/wp-json\/wp\/v2\/product_cat?post=3840"},{"taxonomy":"product_tag","embeddable":true,"href":"https:\/\/www.mondialvapeur.com\/en\/wp-json\/wp\/v2\/product_tag?post=3840"}],"curies":[{"name":"wp","href":"https:\/\/api.w.org\/{rel}","templated":true}]}}