{"id":4204,"date":"2024-06-21T22:52:50","date_gmt":"2024-06-21T22:52:50","guid":{"rendered":"https:\/\/www.mondialvapeur.com\/?post_type=product&#038;p=4204"},"modified":"2026-02-18T12:51:00","modified_gmt":"2026-02-18T12:51:00","slug":"bouteille-detergent-complete","status":"publish","type":"product","link":"https:\/\/www.mondialvapeur.com\/en\/product\/bouteille-detergent-complete\/","title":{"rendered":"R\u00e9servoir \u00e0 d\u00e9tergent  J17154"},"content":{"rendered":"<p>R\u00e9servoir \u00e0 d\u00e9tergent\u00a0 1.7 L<\/p>\n","protected":false},"excerpt":{"rendered":"<p>R\u00e9servoir \u00e0 d\u00e9tergent\u00a0 1.7 L<\/p>\n","protected":false},"featured_media":4164,"template":"","meta":[],"product_brand":[],"product_cat":[405],"product_tag":[350],"class_list":{"0":"post-4204","1":"product","2":"type-product","3":"status-publish","4":"has-post-thumbnail","6":"product_cat-accessoires-excellence","7":"product_tag-j17154","8":"product_shipping_class-accessoire-groupe-a","10":"first","11":"instock","12":"taxable","13":"shipping-taxable","14":"purchasable","15":"product-type-simple"},"_links":{"self":[{"href":"https:\/\/www.mondialvapeur.com\/en\/wp-json\/wp\/v2\/product\/4204","targetHints":{"allow":["GET"]}}],"collection":[{"href":"https:\/\/www.mondialvapeur.com\/en\/wp-json\/wp\/v2\/product"}],"about":[{"href":"https:\/\/www.mondialvapeur.com\/en\/wp-json\/wp\/v2\/types\/product"}],"wp:featuredmedia":[{"embeddable":true,"href":"https:\/\/www.mondialvapeur.com\/en\/wp-json\/wp\/v2\/media\/4164"}],"wp:attachment":[{"href":"https:\/\/www.mondialvapeur.com\/en\/wp-json\/wp\/v2\/media?parent=4204"}],"wp:term":[{"taxonomy":"product_brand","embeddable":true,"href":"https:\/\/www.mondialvapeur.com\/en\/wp-json\/wp\/v2\/product_brand?post=4204"},{"taxonomy":"product_cat","embeddable":true,"href":"https:\/\/www.mondialvapeur.com\/en\/wp-json\/wp\/v2\/product_cat?post=4204"},{"taxonomy":"product_tag","embeddable":true,"href":"https:\/\/www.mondialvapeur.com\/en\/wp-json\/wp\/v2\/product_tag?post=4204"}],"curies":[{"name":"wp","href":"https:\/\/api.w.org\/{rel}","templated":true}]}}