{"id":4283,"date":"2024-09-14T16:07:38","date_gmt":"2024-09-14T16:07:38","guid":{"rendered":"https:\/\/www.mondialvapeur.com\/?post_type=product&#038;p=4283"},"modified":"2026-02-23T11:58:43","modified_gmt":"2026-02-23T11:58:43","slug":"cyclone-duo-pro","status":"publish","type":"product","link":"https:\/\/www.mondialvapeur.com\/en\/product\/cyclone-duo-pro\/","title":{"rendered":"CYCLONE DUO PRO"},"content":{"rendered":"<div class=\"wpb-content-wrapper\"><p>[vc_row][vc_column][vc_video link=&#8221;https:\/\/vimeo.com\/1017978042&#8243; align=&#8221;center&#8221;][vc_empty_space][vc_column_text]L&#8217; aspirateur <strong>CYCLONE DUO PRO\u00a0<\/strong> pour un nettoyage facile et efficace sur tous les types de sols. <strong>Aspirez et lavez en un seul passage<\/strong>. Sans fil , ce nettoyeur intelligent avec son \u00e9cran LCD est performant sur toutes les surfaces. L&#8217;aspirateur est \u00e9cologique car il n&#8217;utilise aucun produit d&#8217;entretien chimique. Eau \u00e9lectrolys\u00e9e pour un nettoyage en profondeur. <strong>MODE St\u00e9rilisation d\u00e9sinfecte et \u00e9limine les bact\u00e9ries. Double rouleau et Auto-nettoyant.<\/strong> Un Aspirateur laveur sec et humide pour un nettoyage sain sur l&#8217;ensemble des surfaces de votre logement, facile d&#8217;utilisation et d&#8217;entretien. Rangement pratique.<\/p>\n<p><strong>CYCLONE DUO PRO devient\u00a0 l\u2019outil indispensable de votre quotidien.<\/strong>[\/vc_column_text][\/vc_column][\/vc_row][vc_row][vc_column][\/vc_column][\/vc_row]<\/p>\n<\/div>","protected":false},"excerpt":{"rendered":"<p><strong>ASPIRATEUR nouvelle technologie<\/strong><\/p>\n<p><strong>Aspirez et Lavez sans effort<br \/>\n<\/strong><\/p>\n<p><strong>MODE St\u00e9rilisation d\u00e9sinfecte et \u00e9limine les bact\u00e9ries. Double rouleau et Auto-nettoyant.<\/strong><\/p>\n","protected":false},"featured_media":4292,"template":"","meta":[],"product_brand":[],"product_cat":[221],"product_tag":[],"class_list":{"0":"post-4283","1":"product","2":"type-product","3":"status-publish","4":"has-post-thumbnail","6":"product_cat-particuliers","8":"first","9":"instock","10":"taxable","11":"shipping-taxable","12":"purchasable","13":"product-type-simple"},"_links":{"self":[{"href":"https:\/\/www.mondialvapeur.com\/en\/wp-json\/wp\/v2\/product\/4283","targetHints":{"allow":["GET"]}}],"collection":[{"href":"https:\/\/www.mondialvapeur.com\/en\/wp-json\/wp\/v2\/product"}],"about":[{"href":"https:\/\/www.mondialvapeur.com\/en\/wp-json\/wp\/v2\/types\/product"}],"wp:featuredmedia":[{"embeddable":true,"href":"https:\/\/www.mondialvapeur.com\/en\/wp-json\/wp\/v2\/media\/4292"}],"wp:attachment":[{"href":"https:\/\/www.mondialvapeur.com\/en\/wp-json\/wp\/v2\/media?parent=4283"}],"wp:term":[{"taxonomy":"product_brand","embeddable":true,"href":"https:\/\/www.mondialvapeur.com\/en\/wp-json\/wp\/v2\/product_brand?post=4283"},{"taxonomy":"product_cat","embeddable":true,"href":"https:\/\/www.mondialvapeur.com\/en\/wp-json\/wp\/v2\/product_cat?post=4283"},{"taxonomy":"product_tag","embeddable":true,"href":"https:\/\/www.mondialvapeur.com\/en\/wp-json\/wp\/v2\/product_tag?post=4283"}],"curies":[{"name":"wp","href":"https:\/\/api.w.org\/{rel}","templated":true}]}}